{"id":951,"date":"2018-03-27T17:40:54","date_gmt":"2018-03-27T20:40:54","guid":{"rendered":"http:\/\/olhodaguadocasado.al.gov.br\/home\/?page_id=951"},"modified":"2018-03-27T17:41:10","modified_gmt":"2018-03-27T20:41:10","slug":"dados-politicos","status":"publish","type":"page","link":"https:\/\/olhodaguadocasado.al.gov.br\/home\/municipio\/dados-politicos\/","title":{"rendered":"Dados Pol\u00edticos"},"content":{"rendered":"<p style=\"text-align: center;\"><strong>ELEI\u00c7\u00d5ES 2016- OLHO DAGUA DO CASADO<\/strong><\/p>\n<p style=\"text-align: center;\"><strong>\u00a0<\/strong><\/p>\n<p><strong>Total de Eleitores: 6.811<\/strong><\/p>\n<p><strong>Votos V\u00e1lidos: 5.439<\/strong><\/p>\n<p><strong>Votos Contabilizados: 5.797<\/strong><\/p>\n<p><strong>Absten\u00e7\u00f5es: 1.014<\/strong><\/p>\n<p><strong>Votos Brancos: 53<\/strong><\/p>\n<p><strong>Votos Nulos: 305<\/strong><\/p>\n<p><strong>\u00a0<\/strong><\/p>\n<p><strong>Jos\u00e9 dos Santos<\/strong><strong>\u00a0<\/strong><strong>(PT) foi eleito Prefeito do munic\u00edpio, juntamente com o Vice Marcos Vieira Souza (PRB), com 3.120 votos (57,36%) do total de votos v\u00e1lidos.<\/strong><\/p>\n<p><strong>\u00a0<\/strong><\/p>\n<p><strong>O 2\u00ba Colocado foi Diogo Freitas (PMDB), com 1.981 votos (36,42%) do total de votos v\u00e1lidos.<\/strong><\/p>\n<p><strong>\u00a0<\/strong><\/p>\n<p><strong>\u00a0<\/strong><\/p>\n<p style=\"text-align: center;\"><strong>VEREADORES ELEITOS<\/strong><\/p>\n<p><strong>\u00a0<\/strong><\/p>\n<p><strong>JOSE MESSIAS DOS SANTOS (BIGODE) &#8211; PDT \u00a0 \u00a0 \u00a0 \u00a0 \u00a0 \u00a0 \u00a0 \u00a0 \u00a0 \u00a0 \u00a0 \u00a0 \u00a0 \u00a0 \u00a0 \u00a0 \u00a0 \u00a0 \u00a0 \u00a0 \u00a0 \u00a0 \u00a0 \u00a0 \u00a0 \u00a0 \u00a0 \u00a0 \u00a0 \u00a0 \u00a0658<\/strong><\/p>\n<p><strong>JOSE RAIMUNDO GOMES (ZE RAIMUNDO) \u2013 PRB \u00a0 \u00a0 \u00a0 \u00a0 \u00a0 \u00a0 \u00a0 \u00a0 \u00a0 \u00a0 \u00a0 \u00a0 \u00a0 \u00a0 \u00a0 \u00a0 \u00a0 \u00a0 \u00a0 \u00a0 \u00a0 \u00a0 \u00a0 \u00a0 \u00a0 \u00a0375 <\/strong><\/p>\n<p><strong>JOSE ALBERTO FERNANDES DE OLIVEIRA (BETOS DE AFONSO) \u2013 PP \u00a0 \u00a0 \u00a0 \u00a0 \u00a0 372\u00a0 \u00a0 \u00a0 \u00a0 \u00a0 \u00a0 \u00a0 \u00a0<\/strong><\/p>\n<p><strong>\u00a0JOS\u00c9 ANTONIO SOUZA (POPO DE MATIAS) \u2013 PT \u00a0 \u00a0 \u00a0 \u00a0 \u00a0 \u00a0 \u00a0 \u00a0 \u00a0 \u00a0 \u00a0 \u00a0 \u00a0 \u00a0 \u00a0 \u00a0 \u00a0 \u00a0 \u00a0 \u00a0 \u00a0 \u00a0 \u00a0 \u00a0 \u00a0 \u00a0 \u00a0 338<\/strong><\/p>\n<p><strong>MARIA HELENA MONTEIRO DA SILVA (MARIA DE CICERO PITA) \u2013 PHS \u00a0 \u00a0 \u00a0316<\/strong><\/p>\n<p><strong>FERNANDO PEREIRA ALENCAR (FERNANDO ALENCAR) \u2013 PRP \u00a0 \u00a0 \u00a0 \u00a0 \u00a0 \u00a0 \u00a0 \u00a0 \u00a0 \u00a0 \u00a0 \u00a0280<\/strong><\/p>\n<p><strong>SERGIO LUIZ ALVES DE BARROS (SERGIO GAVI\u00c3O) \u2013 PRP \u00a0 \u00a0 \u00a0 \u00a0 \u00a0 \u00a0 \u00a0 \u00a0 \u00a0 \u00a0 \u00a0 \u00a0 \u00a0 \u00a0 \u00a0 \u00a0 274<\/strong><\/p>\n<p><strong>\u00a0CLEOMARCIO JOS\u00c9 LEITE DOS SANTOS (CLEO) \u2013 PT \u00a0 \u00a0 \u00a0 \u00a0 \u00a0 \u00a0 \u00a0 \u00a0 \u00a0 \u00a0 \u00a0 \u00a0 \u00a0 \u00a0 \u00a0 \u00a0 \u00a0 \u00a0 \u00a0 \u00a0 \u00a0 \u00a0266<\/strong><\/p>\n<p><strong>\u00a0<\/strong><\/p>\n","protected":false},"excerpt":{"rendered":"<p>ELEI\u00c7\u00d5ES 2016- OLHO DAGUA DO CASADO \u00a0 Total de Eleitores: 6.811 Votos V\u00e1lidos: 5.439 Votos Contabilizados: 5.797 Absten\u00e7\u00f5es: 1.014 Votos Brancos: 53 Votos Nulos: 305 \u00a0 Jos\u00e9 dos Santos\u00a0(PT) foi eleito Prefeito do munic\u00edpio, juntamente com o Vice Marcos Vieira Souza (PRB), com 3.120 votos (57,36%) do total de votos v\u00e1lidos. \u00a0 O 2\u00ba Colocado &hellip;<\/p>\n","protected":false},"author":2,"featured_media":0,"parent":943,"menu_order":0,"comment_status":"closed","ping_status":"closed","template":"","meta":{"pgc_sgb_lightbox_settings":""},"_links":{"self":[{"href":"https:\/\/olhodaguadocasado.al.gov.br\/home\/wp-json\/wp\/v2\/pages\/951"}],"collection":[{"href":"https:\/\/olhodaguadocasado.al.gov.br\/home\/wp-json\/wp\/v2\/pages"}],"about":[{"href":"https:\/\/olhodaguadocasado.al.gov.br\/home\/wp-json\/wp\/v2\/types\/page"}],"author":[{"embeddable":true,"href":"https:\/\/olhodaguadocasado.al.gov.br\/home\/wp-json\/wp\/v2\/users\/2"}],"replies":[{"embeddable":true,"href":"https:\/\/olhodaguadocasado.al.gov.br\/home\/wp-json\/wp\/v2\/comments?post=951"}],"version-history":[{"count":0,"href":"https:\/\/olhodaguadocasado.al.gov.br\/home\/wp-json\/wp\/v2\/pages\/951\/revisions"}],"up":[{"embeddable":true,"href":"https:\/\/olhodaguadocasado.al.gov.br\/home\/wp-json\/wp\/v2\/pages\/943"}],"wp:attachment":[{"href":"https:\/\/olhodaguadocasado.al.gov.br\/home\/wp-json\/wp\/v2\/media?parent=951"}],"curies":[{"name":"wp","href":"https:\/\/api.w.org\/{rel}","templated":true}]}}